{"id":2943,"date":"2024-05-19T18:04:06","date_gmt":"2024-05-19T16:04:06","guid":{"rendered":"https:\/\/www.lab68.eu\/lavora-con-noi\/"},"modified":"2025-09-25T09:00:43","modified_gmt":"2025-09-25T07:00:43","slug":"lavora-con-noi","status":"publish","type":"page","link":"https:\/\/www.lab68.eu\/de\/lavora-con-noi\/","title":{"rendered":"Kontaktieren Sie uns"},"content":{"rendered":"<p><div class=\"fusion-fullwidth fullwidth-box fusion-builder-row-1 fusion-flex-container has-pattern-background has-mask-background nonhundred-percent-fullwidth non-hundred-percent-height-scrolling\" style=\"--awb-background-position:left top;--awb-border-sizes-top:0px;--awb-border-sizes-bottom:0px;--awb-border-sizes-left:0px;--awb-border-sizes-right:0px;--awb-border-radius-top-left:0px;--awb-border-radius-top-right:0px;--awb-border-radius-bottom-right:0px;--awb-border-radius-bottom-left:0px;--awb-padding-top:130px;--awb-padding-bottom:130px;--awb-padding-top-medium:90px;--awb-padding-bottom-medium:90px;--awb-margin-bottom-medium:0px;--awb-background-color:var(--awb-color1);--awb-flex-wrap:wrap;\" ><div class=\"fusion-builder-row fusion-row fusion-flex-align-items-flex-start fusion-flex-justify-content-flex-end fusion-flex-content-wrap\" style=\"max-width:calc( 1200px + 80px );margin-left: calc(-80px \/ 2 );margin-right: calc(-80px \/ 2 );\"><div class=\"fusion-layout-column fusion_builder_column fusion-builder-column-0 fusion_builder_column_1_1 1_1 fusion-flex-column fusion-column-no-min-height fusion-animated\" style=\"--awb-padding-right-medium:0px;--awb-padding-left-medium:0px;--awb-bg-blend:overlay;--awb-bg-size:cover;--awb-width-large:100%;--awb-margin-top-large:0px;--awb-spacing-right-large:calc( 0.08 * calc( 100% - 80px ) );--awb-margin-bottom-large:90px;--awb-spacing-left-large:40px;--awb-width-medium:50%;--awb-spacing-right-medium:calc( 0.16 * calc( 100% - 80px ) );--awb-margin-bottom-medium:49px;--awb-spacing-left-medium:40px;--awb-width-small:100%;--awb-spacing-right-small:40px;--awb-margin-bottom-small:0px;--awb-spacing-left-small:40px;\" data-animationType=\"fadeIn\" data-animationDuration=\"0.8\" data-animationOffset=\"top-into-view\"><div class=\"fusion-column-wrapper fusion-flex-justify-content-flex-start fusion-content-layout-column\"><div class=\"fusion-text fusion-text-1 fusion-text-no-margin\" style=\"--awb-font-size:var(--awb-typography3-font-size);--awb-line-height:var(--awb-typography3-line-height);--awb-letter-spacing:var(--awb-typography3-letter-spacing);--awb-text-transform:var(--awb-typography3-text-transform);--awb-text-color:var(--awb-color6);--awb-text-font-family:var(--awb-typography3-font-family);--awb-text-font-weight:var(--awb-typography3-font-weight);--awb-text-font-style:var(--awb-typography3-font-style);\"><p>Kontaktieren Sie uns<\/p>\n<\/div><div class=\"fusion-title title fusion-title-1 fusion-sep-none fusion-title-text fusion-title-size-three\" style=\"--awb-margin-bottom:0px;\"><h3 class=\"fusion-title-heading title-heading-left\" style=\"margin:0;\">Wir suchen Menschen, die inspirieren und sich inspirieren lassen k\u00f6nnen, die stolz darauf sind, dass ihre Arbeit einen Mehrwert innerhalb und au\u00dferhalb des Unternehmens bringen kann, und zwar durch Innovation, Entwicklung, Engagement und gegenseitige Unterst\u00fctzung.<\/h3><\/div><\/div><\/div><\/div><\/div><div class=\"fusion-fullwidth fullwidth-box fusion-builder-row-2 fusion-flex-container has-pattern-background has-mask-background nonhundred-percent-fullwidth non-hundred-percent-height-scrolling\" style=\"--link_hover_color: var(--awb-color5);--link_color: var(--awb-color5);--awb-background-position:right top;--awb-background-blend-mode:overlay;--awb-border-color:var(--awb-color1);--awb-border-radius-top-left:0px;--awb-border-radius-top-right:0px;--awb-border-radius-bottom-right:0px;--awb-border-radius-bottom-left:0px;--awb-padding-top:90px;--awb-padding-bottom:90px;--awb-padding-top-medium:70px;--awb-padding-bottom-medium:70px;--awb-padding-top-small:102px;--awb-padding-right-small:40px;--awb-padding-bottom-small:46px;--awb-padding-left-small:40px;--awb-margin-bottom-medium:0px;--awb-background-image:linear-gradient(152deg, hsla(var(--awb-color2-h),calc(var(--awb-color2-s) + 100%),var(--awb-color2-l),var(--awb-color2-a)) 0%,hsla(var(--awb-color4-h),calc(var(--awb-color4-s) + 30%),calc(var(--awb-color4-l) + 11%),var(--awb-color4-a)) 70%);--awb-flex-wrap:wrap;\" ><div class=\"fusion-builder-row fusion-row fusion-flex-align-items-center fusion-flex-justify-content-center fusion-flex-content-wrap\" style=\"max-width:1248px;margin-left: calc(-4% \/ 2 );margin-right: calc(-4% \/ 2 );\"><div class=\"fusion-layout-column fusion_builder_column fusion-builder-column-1 fusion_builder_column_1_2 1_2 fusion-flex-column fusion-animated\" style=\"--awb-bg-size:cover;--awb-width-large:50%;--awb-margin-top-large:0px;--awb-spacing-right-large:72px;--awb-margin-bottom-large:0px;--awb-spacing-left-large:3.84%;--awb-width-medium:40%;--awb-order-medium:0;--awb-spacing-right-medium:70px;--awb-spacing-left-medium:4.8%;--awb-width-small:100%;--awb-order-small:0;--awb-spacing-right-small:1.92%;--awb-spacing-left-small:1.92%;\" data-animationType=\"fadeIn\" data-animationDuration=\"1.3\" data-animationOffset=\"top-into-view\"><div class=\"fusion-column-wrapper fusion-column-has-shadow fusion-flex-justify-content-flex-start fusion-content-layout-column\"><div class=\"fusion-image-element \" style=\"--awb-aspect-ratio: 100 \/ 85;--awb-margin-bottom-small:50px;--awb-caption-title-font-family:var(--h2_typography-font-family);--awb-caption-title-font-weight:var(--h2_typography-font-weight);--awb-caption-title-font-style:var(--h2_typography-font-style);--awb-caption-title-size:var(--h2_typography-font-size);--awb-caption-title-transform:var(--h2_typography-text-transform);--awb-caption-title-line-height:var(--h2_typography-line-height);--awb-caption-title-letter-spacing:var(--h2_typography-letter-spacing);\"><span class=\" fusion-imageframe imageframe-none imageframe-1 hover-type-none has-aspect-ratio fusion-animated\" style=\"--awb-animation-color:var(--awb-color4);\" data-animationType=\"revealInLeft\" data-animationDuration=\"1.3\" data-animationOffset=\"top-into-view\"><img decoding=\"async\" width=\"1200\" height=\"1008\" title=\"u6746454277_an_illustration_of_someone_typing_on_their_laptop_e34775df-a289-41b8-b922-053b7c3ec4b0_0\" src=\"https:\/\/www.lab68.eu\/wp-content\/uploads\/2025\/09\/u6746454277_an_illustration_of_someone_typing_on_their_laptop_e34775df-a289-41b8-b922-053b7c3ec4b0_0.png\" data-orig-src=\"https:\/\/www.lab68.eu\/wp-content\/uploads\/2025\/09\/u6746454277_an_illustration_of_someone_typing_on_their_laptop_e34775df-a289-41b8-b922-053b7c3ec4b0_0.png\" class=\"lazyload img-responsive wp-image-4175 img-with-aspect-ratio\" alt srcset=\"data:image\/svg+xml,%3Csvg%20xmlns%3D%27http%3A%2F%2Fwww.w3.org%2F2000%2Fsvg%27%20width%3D%271200%27%20height%3D%271008%27%20viewBox%3D%270%200%201200%201008%27%3E%3Crect%20width%3D%271200%27%20height%3D%271008%27%20fill-opacity%3D%220%22%2F%3E%3C%2Fsvg%3E\" data-srcset=\"https:\/\/www.lab68.eu\/wp-content\/uploads\/2025\/09\/u6746454277_an_illustration_of_someone_typing_on_their_laptop_e34775df-a289-41b8-b922-053b7c3ec4b0_0-200x168.png 200w, https:\/\/www.lab68.eu\/wp-content\/uploads\/2025\/09\/u6746454277_an_illustration_of_someone_typing_on_their_laptop_e34775df-a289-41b8-b922-053b7c3ec4b0_0-400x336.png 400w, https:\/\/www.lab68.eu\/wp-content\/uploads\/2025\/09\/u6746454277_an_illustration_of_someone_typing_on_their_laptop_e34775df-a289-41b8-b922-053b7c3ec4b0_0-600x504.png 600w, https:\/\/www.lab68.eu\/wp-content\/uploads\/2025\/09\/u6746454277_an_illustration_of_someone_typing_on_their_laptop_e34775df-a289-41b8-b922-053b7c3ec4b0_0-800x672.png 800w, https:\/\/www.lab68.eu\/wp-content\/uploads\/2025\/09\/u6746454277_an_illustration_of_someone_typing_on_their_laptop_e34775df-a289-41b8-b922-053b7c3ec4b0_0.png 1200w\" data-sizes=\"auto\" data-orig-sizes=\"(max-width: 700px) 100vw, 600px\" \/><\/span><\/div><\/div><\/div><div class=\"fusion-layout-column fusion_builder_column fusion-builder-column-2 fusion-flex-column fusion-animated\" style=\"--awb-padding-bottom-medium:0px;--awb-bg-size:cover;--awb-width-large:50%;--awb-margin-top-large:0px;--awb-spacing-right-large:3.84%;--awb-margin-bottom-large:9px;--awb-spacing-left-large:55px;--awb-width-medium:60%;--awb-order-medium:0;--awb-spacing-right-medium:3.2%;--awb-spacing-left-medium:20px;--awb-width-small:100%;--awb-order-small:0;--awb-spacing-right-small:1.92%;--awb-spacing-left-small:20px;\" data-animationType=\"fadeInRight\" data-animationDuration=\"1.3\" data-animationOffset=\"top-into-view\"><div class=\"fusion-column-wrapper fusion-column-has-shadow fusion-flex-justify-content-flex-start fusion-content-layout-column\"><div class=\"fusion-title title fusion-title-2 fusion-sep-none fusion-title-text fusion-title-size-two\" style=\"--awb-margin-top:20px;--awb-margin-bottom:30px;\"><h2 class=\"fusion-title-heading title-heading-left\" style=\"margin:0;\">Spontanbewerbung<\/h2><\/div><div ><a class=\"fusion-button button-flat fusion-button-default-size button-default fusion-button-default button-1 fusion-button-default-span \" style=\"--button_bevel_color:var(--awb-color4);--button_bevel_color_hover:var(--awb-color4);--button_padding-top:18px;--button_padding-right:40px;--button_padding-bottom:18px;--button_padding-left:40px;\" target=\"_self\" data-hover=\"text_slide_up\" href=\"https:\/\/www.lab68.eu\/work-with-us\/posizioni\/\"><div class=\"awb-button-text-transition\"><span class=\"fusion-button-text\">Bewerben Sie sich noch heute<\/span><span class=\"fusion-button-text\">Bewerben Sie sich noch heute<\/span><\/div><\/a><\/div><\/div><\/div><div class=\"fusion-layout-column fusion_builder_column fusion-builder-column-3 fusion-flex-column fusion-animated\" style=\"--awb-padding-bottom-medium:0px;--awb-bg-size:cover;--awb-width-large:50%;--awb-margin-top-large:0px;--awb-spacing-right-large:3.84%;--awb-margin-bottom-large:9px;--awb-spacing-left-large:55px;--awb-width-medium:60%;--awb-order-medium:0;--awb-spacing-right-medium:3.2%;--awb-spacing-left-medium:20px;--awb-width-small:100%;--awb-order-small:0;--awb-spacing-right-small:1.92%;--awb-spacing-left-small:20px;\" data-animationType=\"fadeInRight\" data-animationDuration=\"1.3\" data-animationOffset=\"top-into-view\"><div class=\"fusion-column-wrapper fusion-column-has-shadow fusion-flex-justify-content-flex-start fusion-content-layout-column\"><div class=\"fusion-title title fusion-title-3 fusion-sep-none fusion-title-text fusion-title-size-two\" style=\"--awb-margin-top:20px;--awb-margin-bottom:30px;\"><h2 class=\"fusion-title-heading title-heading-left\" style=\"margin:0;\">Offene Stellen<\/h2><\/div><div ><a class=\"fusion-button button-flat fusion-button-default-size button-default fusion-button-default button-2 fusion-button-default-span \" style=\"--button_bevel_color:var(--awb-color4);--button_bevel_color_hover:var(--awb-color4);--button_padding-top:18px;--button_padding-right:40px;--button_padding-bottom:18px;--button_padding-left:40px;\" target=\"_self\" data-hover=\"text_slide_up\" href=\"https:\/\/www.lab68.eu\/work-with-us\/posizioni\/\"><div class=\"awb-button-text-transition\"><span class=\"fusion-button-text\">Bewerben Sie sich noch heute<\/span><span class=\"fusion-button-text\">Bewerben Sie sich noch heute<\/span><\/div><\/a><\/div><\/div><\/div><div class=\"fusion-layout-column fusion_builder_column fusion-builder-column-4 fusion_builder_column_1_2 1_2 fusion-flex-column fusion-animated\" style=\"--awb-bg-size:cover;--awb-width-large:50%;--awb-margin-top-large:0px;--awb-spacing-right-large:72px;--awb-margin-bottom-large:0px;--awb-spacing-left-large:3.84%;--awb-width-medium:40%;--awb-order-medium:0;--awb-spacing-right-medium:70px;--awb-spacing-left-medium:4.8%;--awb-width-small:100%;--awb-order-small:0;--awb-spacing-right-small:1.92%;--awb-spacing-left-small:1.92%;\" data-animationType=\"fadeIn\" data-animationDuration=\"1.3\" data-animationOffset=\"top-into-view\"><div class=\"fusion-column-wrapper fusion-column-has-shadow fusion-flex-justify-content-flex-start fusion-content-layout-column\"><div class=\"fusion-image-element \" style=\"--awb-aspect-ratio: 100 \/ 85;--awb-margin-bottom-small:50px;--awb-caption-title-font-family:var(--h2_typography-font-family);--awb-caption-title-font-weight:var(--h2_typography-font-weight);--awb-caption-title-font-style:var(--h2_typography-font-style);--awb-caption-title-size:var(--h2_typography-font-size);--awb-caption-title-transform:var(--h2_typography-text-transform);--awb-caption-title-line-height:var(--h2_typography-line-height);--awb-caption-title-letter-spacing:var(--h2_typography-letter-spacing);\"><span class=\" fusion-imageframe imageframe-none imageframe-2 hover-type-none has-aspect-ratio fusion-animated\" style=\"--awb-animation-color:var(--awb-color4);\" data-animationType=\"revealInLeft\" data-animationDuration=\"1.3\" data-animationOffset=\"top-into-view\"><img decoding=\"async\" width=\"1232\" height=\"928\" title=\"u6746454277_group_of_people_multiectnicity_in_the_office_&#8211;ar_808d1824-aa15-4404-a8b3-c9f8194338b2_0\" src=\"https:\/\/www.lab68.eu\/wp-content\/uploads\/2025\/09\/u6746454277_group_of_people_multiectnicity_in_the_office_-ar_808d1824-aa15-4404-a8b3-c9f8194338b2_0.png\" data-orig-src=\"https:\/\/www.lab68.eu\/wp-content\/uploads\/2025\/09\/u6746454277_group_of_people_multiectnicity_in_the_office_-ar_808d1824-aa15-4404-a8b3-c9f8194338b2_0.png\" class=\"lazyload img-responsive wp-image-4083 img-with-aspect-ratio\" alt srcset=\"data:image\/svg+xml,%3Csvg%20xmlns%3D%27http%3A%2F%2Fwww.w3.org%2F2000%2Fsvg%27%20width%3D%271232%27%20height%3D%27928%27%20viewBox%3D%270%200%201232%20928%27%3E%3Crect%20width%3D%271232%27%20height%3D%27928%27%20fill-opacity%3D%220%22%2F%3E%3C%2Fsvg%3E\" data-srcset=\"https:\/\/www.lab68.eu\/wp-content\/uploads\/2025\/09\/u6746454277_group_of_people_multiectnicity_in_the_office_-ar_808d1824-aa15-4404-a8b3-c9f8194338b2_0-200x151.png 200w, https:\/\/www.lab68.eu\/wp-content\/uploads\/2025\/09\/u6746454277_group_of_people_multiectnicity_in_the_office_-ar_808d1824-aa15-4404-a8b3-c9f8194338b2_0-400x301.png 400w, https:\/\/www.lab68.eu\/wp-content\/uploads\/2025\/09\/u6746454277_group_of_people_multiectnicity_in_the_office_-ar_808d1824-aa15-4404-a8b3-c9f8194338b2_0-600x452.png 600w, https:\/\/www.lab68.eu\/wp-content\/uploads\/2025\/09\/u6746454277_group_of_people_multiectnicity_in_the_office_-ar_808d1824-aa15-4404-a8b3-c9f8194338b2_0-800x603.png 800w, https:\/\/www.lab68.eu\/wp-content\/uploads\/2025\/09\/u6746454277_group_of_people_multiectnicity_in_the_office_-ar_808d1824-aa15-4404-a8b3-c9f8194338b2_0-1200x904.png 1200w, https:\/\/www.lab68.eu\/wp-content\/uploads\/2025\/09\/u6746454277_group_of_people_multiectnicity_in_the_office_-ar_808d1824-aa15-4404-a8b3-c9f8194338b2_0.png 1232w\" data-sizes=\"auto\" data-orig-sizes=\"(max-width: 700px) 100vw, 600px\" \/><\/span><\/div><\/div><\/div><\/div><\/div><\/p>\n","protected":false},"excerpt":{"rendered":"","protected":false},"author":1,"featured_media":0,"parent":0,"menu_order":30,"comment_status":"closed","ping_status":"closed","template":"100-width.php","meta":{"footnotes":""},"class_list":["post-2943","page","type-page","status-publish","hentry"],"yoast_head":"<!-- This site is optimized with the Yoast SEO plugin v27.4 - https:\/\/yoast.com\/product\/yoast-seo-wordpress\/ -->\n<title>Kontaktieren Sie uns - LAB68<\/title>\n<meta name=\"robots\" content=\"index, follow, max-snippet:-1, max-image-preview:large, max-video-preview:-1\" \/>\n<link rel=\"canonical\" href=\"https:\/\/www.lab68.eu\/de\/lavora-con-noi\/\" \/>\n<meta property=\"og:locale\" content=\"de_DE\" \/>\n<meta property=\"og:type\" content=\"article\" \/>\n<meta property=\"og:title\" content=\"Kontaktieren Sie uns - LAB68\" \/>\n<meta property=\"og:url\" content=\"https:\/\/www.lab68.eu\/de\/lavora-con-noi\/\" \/>\n<meta property=\"og:site_name\" content=\"LAB68\" \/>\n<meta property=\"article:publisher\" content=\"https:\/\/www.facebook.com\/lab68europe\" \/>\n<meta property=\"article:modified_time\" content=\"2025-09-25T07:00:43+00:00\" \/>\n<meta name=\"twitter:card\" content=\"summary_large_image\" \/>\n<meta name=\"twitter:label1\" content=\"Gesch\u00e4tzte Lesezeit\" \/>\n\t<meta name=\"twitter:data1\" content=\"1\u00a0Minute\" \/>\n<script type=\"application\/ld+json\" class=\"yoast-schema-graph\">{\"@context\":\"https:\\\/\\\/schema.org\",\"@graph\":[{\"@type\":\"WebPage\",\"@id\":\"https:\\\/\\\/www.lab68.eu\\\/de\\\/lavora-con-noi\\\/\",\"url\":\"https:\\\/\\\/www.lab68.eu\\\/de\\\/lavora-con-noi\\\/\",\"name\":\"Kontaktieren Sie uns - LAB68\",\"isPartOf\":{\"@id\":\"https:\\\/\\\/www.lab68.eu\\\/fr\\\/#website\"},\"datePublished\":\"2024-05-19T16:04:06+00:00\",\"dateModified\":\"2025-09-25T07:00:43+00:00\",\"breadcrumb\":{\"@id\":\"https:\\\/\\\/www.lab68.eu\\\/de\\\/lavora-con-noi\\\/#breadcrumb\"},\"inLanguage\":\"de\",\"potentialAction\":[{\"@type\":\"ReadAction\",\"target\":[\"https:\\\/\\\/www.lab68.eu\\\/de\\\/lavora-con-noi\\\/\"]}]},{\"@type\":\"BreadcrumbList\",\"@id\":\"https:\\\/\\\/www.lab68.eu\\\/de\\\/lavora-con-noi\\\/#breadcrumb\",\"itemListElement\":[{\"@type\":\"ListItem\",\"position\":1,\"name\":\"Home\",\"item\":\"https:\\\/\\\/www.lab68.eu\\\/de\\\/\"},{\"@type\":\"ListItem\",\"position\":2,\"name\":\"Kontaktieren Sie uns\"}]},{\"@type\":\"WebSite\",\"@id\":\"https:\\\/\\\/www.lab68.eu\\\/fr\\\/#website\",\"url\":\"https:\\\/\\\/www.lab68.eu\\\/fr\\\/\",\"name\":\"LAB 68\",\"description\":\"We make it easy for you!\",\"publisher\":{\"@id\":\"https:\\\/\\\/www.lab68.eu\\\/fr\\\/#organization\"},\"potentialAction\":[{\"@type\":\"SearchAction\",\"target\":{\"@type\":\"EntryPoint\",\"urlTemplate\":\"https:\\\/\\\/www.lab68.eu\\\/fr\\\/?s={search_term_string}\"},\"query-input\":{\"@type\":\"PropertyValueSpecification\",\"valueRequired\":true,\"valueName\":\"search_term_string\"}}],\"inLanguage\":\"de\"},{\"@type\":\"Organization\",\"@id\":\"https:\\\/\\\/www.lab68.eu\\\/fr\\\/#organization\",\"name\":\"LAB 68\",\"url\":\"https:\\\/\\\/www.lab68.eu\\\/fr\\\/\",\"logo\":{\"@type\":\"ImageObject\",\"inLanguage\":\"de\",\"@id\":\"https:\\\/\\\/www.lab68.eu\\\/fr\\\/#\\\/schema\\\/logo\\\/image\\\/\",\"url\":\"https:\\\/\\\/www.lab68.eu\\\/wp-content\\\/uploads\\\/2024\\\/09\\\/cropped-LAB68-FAvicon_512.png\",\"contentUrl\":\"https:\\\/\\\/www.lab68.eu\\\/wp-content\\\/uploads\\\/2024\\\/09\\\/cropped-LAB68-FAvicon_512.png\",\"width\":512,\"height\":512,\"caption\":\"LAB 68\"},\"image\":{\"@id\":\"https:\\\/\\\/www.lab68.eu\\\/fr\\\/#\\\/schema\\\/logo\\\/image\\\/\"},\"sameAs\":[\"https:\\\/\\\/www.facebook.com\\\/lab68europe\",\"https:\\\/\\\/www.linkedin.com\\\/company\\\/lab68\"]}]}<\/script>\n<!-- \/ Yoast SEO plugin. -->","yoast_head_json":{"title":"Kontaktieren Sie uns - LAB68","robots":{"index":"index","follow":"follow","max-snippet":"max-snippet:-1","max-image-preview":"max-image-preview:large","max-video-preview":"max-video-preview:-1"},"canonical":"https:\/\/www.lab68.eu\/de\/lavora-con-noi\/","og_locale":"de_DE","og_type":"article","og_title":"Kontaktieren Sie uns - LAB68","og_url":"https:\/\/www.lab68.eu\/de\/lavora-con-noi\/","og_site_name":"LAB68","article_publisher":"https:\/\/www.facebook.com\/lab68europe","article_modified_time":"2025-09-25T07:00:43+00:00","twitter_card":"summary_large_image","twitter_misc":{"Gesch\u00e4tzte Lesezeit":"1\u00a0Minute"},"schema":{"@context":"https:\/\/schema.org","@graph":[{"@type":"WebPage","@id":"https:\/\/www.lab68.eu\/de\/lavora-con-noi\/","url":"https:\/\/www.lab68.eu\/de\/lavora-con-noi\/","name":"Kontaktieren Sie uns - LAB68","isPartOf":{"@id":"https:\/\/www.lab68.eu\/fr\/#website"},"datePublished":"2024-05-19T16:04:06+00:00","dateModified":"2025-09-25T07:00:43+00:00","breadcrumb":{"@id":"https:\/\/www.lab68.eu\/de\/lavora-con-noi\/#breadcrumb"},"inLanguage":"de","potentialAction":[{"@type":"ReadAction","target":["https:\/\/www.lab68.eu\/de\/lavora-con-noi\/"]}]},{"@type":"BreadcrumbList","@id":"https:\/\/www.lab68.eu\/de\/lavora-con-noi\/#breadcrumb","itemListElement":[{"@type":"ListItem","position":1,"name":"Home","item":"https:\/\/www.lab68.eu\/de\/"},{"@type":"ListItem","position":2,"name":"Kontaktieren Sie uns"}]},{"@type":"WebSite","@id":"https:\/\/www.lab68.eu\/fr\/#website","url":"https:\/\/www.lab68.eu\/fr\/","name":"LAB 68","description":"We make it easy for you!","publisher":{"@id":"https:\/\/www.lab68.eu\/fr\/#organization"},"potentialAction":[{"@type":"SearchAction","target":{"@type":"EntryPoint","urlTemplate":"https:\/\/www.lab68.eu\/fr\/?s={search_term_string}"},"query-input":{"@type":"PropertyValueSpecification","valueRequired":true,"valueName":"search_term_string"}}],"inLanguage":"de"},{"@type":"Organization","@id":"https:\/\/www.lab68.eu\/fr\/#organization","name":"LAB 68","url":"https:\/\/www.lab68.eu\/fr\/","logo":{"@type":"ImageObject","inLanguage":"de","@id":"https:\/\/www.lab68.eu\/fr\/#\/schema\/logo\/image\/","url":"https:\/\/www.lab68.eu\/wp-content\/uploads\/2024\/09\/cropped-LAB68-FAvicon_512.png","contentUrl":"https:\/\/www.lab68.eu\/wp-content\/uploads\/2024\/09\/cropped-LAB68-FAvicon_512.png","width":512,"height":512,"caption":"LAB 68"},"image":{"@id":"https:\/\/www.lab68.eu\/fr\/#\/schema\/logo\/image\/"},"sameAs":["https:\/\/www.facebook.com\/lab68europe","https:\/\/www.linkedin.com\/company\/lab68"]}]}},"_links":{"self":[{"href":"https:\/\/www.lab68.eu\/de\/wp-json\/wp\/v2\/pages\/2943","targetHints":{"allow":["GET"]}}],"collection":[{"href":"https:\/\/www.lab68.eu\/de\/wp-json\/wp\/v2\/pages"}],"about":[{"href":"https:\/\/www.lab68.eu\/de\/wp-json\/wp\/v2\/types\/page"}],"author":[{"embeddable":true,"href":"https:\/\/www.lab68.eu\/de\/wp-json\/wp\/v2\/users\/1"}],"replies":[{"embeddable":true,"href":"https:\/\/www.lab68.eu\/de\/wp-json\/wp\/v2\/comments?post=2943"}],"version-history":[{"count":12,"href":"https:\/\/www.lab68.eu\/de\/wp-json\/wp\/v2\/pages\/2943\/revisions"}],"predecessor-version":[{"id":4183,"href":"https:\/\/www.lab68.eu\/de\/wp-json\/wp\/v2\/pages\/2943\/revisions\/4183"}],"wp:attachment":[{"href":"https:\/\/www.lab68.eu\/de\/wp-json\/wp\/v2\/media?parent=2943"}],"curies":[{"name":"wp","href":"https:\/\/api.w.org\/{rel}","templated":true}]}}