{"id":3386,"date":"2023-03-03T12:30:59","date_gmt":"2023-03-03T11:30:59","guid":{"rendered":"https:\/\/www.lab68.eu\/privacy-policy\/"},"modified":"2024-06-23T19:04:04","modified_gmt":"2024-06-23T17:04:04","slug":"privacy-policy","status":"publish","type":"page","link":"https:\/\/www.lab68.eu\/it\/privacy-policy\/","title":{"rendered":"Privacy Policy"},"content":{"rendered":"<h1><b>PRIVACY DATI SITO WEB<\/b>&#8211; <b>Reg UE 2016\/679 &#8211; (Regolamento Europeo in materia di protezione dei dati personali)<\/b><\/h1>\n<h3><b>1.<\/b>\u00a0<b>Introduzione<\/b><\/h3>\n<p>La presente privacy policy (\u201cPrivacy Policy\u201d) descrive le attivit\u00e0 di trattamento di dati personali realizzate da Lab68 S.r.l. (\u201cLab 68\u201d) tramite il sito lab68.eu (Sito).<\/p>\n<p>Lab68\u00a0pu\u00f2 trattare i dati personali dell\u2019utente quando questi visita il Sito e utilizza i servizi e le funzionalit\u00e0 presenti sul Sito. Nelle sezioni del Sito in cui sono raccolti i dati personali dell\u2019utente \u00e8 pubblicata una specifica informativa ai sensi dell\u2019art. 13 del Reg. UE 2016\/679.<br \/>\nOve previsto dal Reg. UE 2016\/679 sar\u00e0 richiesto il consenso dell\u2019utente prima di procedere al trattamento dei suoi dati personali. Se l\u2019utente fornisce dati personali di terzi, deve provvedere affinch\u00e9 la comunicazione dei dati a Lab68 e il successivo trattamento per le finalit\u00e0 specificate nell\u2019informativa privacy applicabile sia conforme al Reg. UE 2016\/679 e alla normativa applicabile.<\/p>\n<h3><b>2.<\/b>\u00a0<b>Estremi identificativi del titolare, responsabile e del Privacy Officer<\/b><\/h3>\n<p>Il Titolare del trattamento dei dati \u00e8 LAB68 S.r.l., P.IVA 04443990231, con sede in via dell\u2019Oreficeria n. 36, 36100 Vicenza (VI), pec:\u00a0<a href=\"mailto:lab68srl@pec.it\">lab68srl@pec.it<\/a><\/p>\n<h3><b>3.<\/b>\u00a0<b>Tipologia di dati trattati<\/b><\/h3>\n<p>La visita e la consultazione del Sito non comportano in genere raccolta e trattamento dei dati personali dell\u2019utente salvo che per i dati di navigazione e i cookie come di seguito specificato. In aggiunta ai cosiddetti \u201cdati di navigazione\u201d (vedasi oltre), potranno essere oggetto di trattamento dati personali volontariamente forniti dall\u2019utente quando questi interagisce con le funzionalit\u00e0 del Sito o chiede di fruire dei servizi offerti sul Sito.<span class=\"Apple-converted-space\">\u00a0<\/span><\/p>\n<h3><b>4.\u00a0Cookies e dati di navigazione<\/b><\/h3>\n<p>Il Sito utilizza \u201ccookies\u201d. Utilizzando il Sito, l&#8217;utente acconsente all\u2019utilizzo dei cookies in conformit\u00e0 con questa Privacy Policy. I cookies sono piccoli file memorizzati sull\u2019hard disk del computer dell\u2019utente. Esistono due macro-categorie di cookie: cookie tecnici e cookie di profilazione.<\/p>\n<p>I cookie tecnici sono necessari per il corretto funzionamento di un sito web e per permettere la navigazione dell\u2019utente; senza di essi l\u2019utente potrebbe non essere in grado di visualizzare correttamente le pagine oppure di utilizzare alcuni servizi.<\/p>\n<p>I cookie di profilazione hanno il compito di creare profili dell\u2019utente al fine di inviare messaggi pubblicitari in linea con le preferenze manifestate dallo stesso durante la navigazione.<\/p>\n<p>I cookie possono inoltre essere classificati come:<\/p>\n<p>_ cookie \u201cdi sessione\u201d, i quali vengono cancellati immediatamente alla chiusura del browser di navigazione; cookie \u201cpersistenti\u201d, i quali rimangono all\u2019interno del browser per un determinato periodo di tempo. Sono utilizzati, ad esempio, per riconoscere il dispositivo che si collega ad un sito agevolando le operazioni di autenticazione per l\u2019utente;<\/p>\n<p>_ cookie \u201cpropri\u201d, generati e gestiti direttamente dal soggetto gestore del sito web sul quale l\u2019utente sta navigando;<br \/>\n_ cookie \u201cterze parti\u201d, generati e gestiti da soggetti diversi dal gestore del sito web sul quale l\u2019utente sta navigando.<\/p>\n<h3><b>5.<\/b>\u00a0<b>Cookies utilizzati sul sito<\/b><\/h3>\n<p>Il Sito utilizza le seguenti tipologie di cookie:<br \/>\na. cookie propri, di sessione e persistenti, necessari per consentire la navigazione sul Sito, per finalit\u00e0 di sicurezza interna e di amministrazione del sistema;<br \/>\nb. cookie terze parti, di sessione e persistenti, necessari per consentire all\u2019utente di utilizzare elementi multimediali presenti sul Sito, come ad esempio immagini e video;<br \/>\nc. cookie terze parti, persistenti, utilizzati dal Sito per inviare informazioni statistiche al sistema Google Analytics, attraverso il quale\u00a0<b>Lab68<\/b>\u00a0pu\u00f2 effettuare analisi statistiche degli accessi \/ visite al Sito. I cookie utilizzati perseguono esclusivamente scopi statistici e raccolgono informazioni in forma aggregata. Attraverso una coppia di cookie, di cui uno persistente e l\u2019altro di sessione (con scadenza alla chiusura del browser), Google Analytics salva anche un registro con gli orari di inizio della visita al Sito e di uscita dallo stesso. Si pu\u00f2 impedire a Google il rilevamento dei dati tramite cookie e la successiva elaborazione dei dati scaricando e installando il plug-in per browser dal seguente indirizzo:\u00a0<a href=\"http:\/\/tools.google.com\/dlpage\/gaoptout?hl=it\">http:\/\/tools.google.com\/dlpage\/gaoptout?hl=it<\/a><\/p>\n<p>Il Sito potrebbe contenere link ad altri siti (c.d. siti terzi).<\/p>\n<h3><b>6.<\/b>\u00a0<b>Conservazione dei dati personali<\/b><\/h3>\n<p>I dati personali sono conservati e trattati attraverso sistemi informatici di propriet\u00e0 di Lab68 e gestiti o da terzi fornitori di servizi tecnici. I dati sono trattati esclusivamente da personale specificamente autorizzato, incluso il personale incaricato di svolgere operazioni di manutenzione straordinaria.<span class=\"Apple-converted-space\">\u00a0<\/span><\/p>\n<p>In conformit\u00e0 al Reg UE 2016\/679i dati sono conservati per il tempo necessario al raggiungimento delle finalit\u00e0 per i quali sono trattati.<span class=\"Apple-converted-space\">\u00a0<\/span><\/p>\n<h3><b>7.<\/b>\u00a0<b>Finalit\u00e0 e metodi trattamenti dati<\/b><\/h3>\n<p><b>Lab68<\/b>\u00a0pu\u00f2 trattare i dati personali comuni dell\u2019utente per le seguenti finalit\u00e0: utilizzo da parte degli utenti di servizi e funzionalit\u00e0 presenti sul Sito, gestione di richieste e segnalazioni da parte dei propri utenti, invio di newsletter, gestione delle candidature pervenute attraverso il Sito, etc.<br \/>\nInoltre, con l\u2019ulteriore e specifico consenso facoltativo dell\u2019utente,\u00a0<b>Lab68 <\/b>potr\u00e0 trattare i dati personali per finalit\u00e0 di marketing, cio\u00e8 per inviare all\u2019utente materiale promozionale e\/o comunicazioni commerciali attinenti ai servizi della Societ\u00e0, presso i recapiti indicati, sia attraverso email e telefonate.<span class=\"Apple-converted-space\">\u00a0 <\/span><br \/>\nI dati personali sono trattati sia in forma cartacea che elettronica.<span class=\"Apple-converted-space\">\u00a0<\/span><\/p>\n<p>Il trattamento non avviene tramite processi decisionali automatizzati.<span class=\"Apple-converted-space\">\u00a0<\/span><\/p>\n<h3><b>8.<\/b>\u00a0<b>Sicurezza e qualit\u00e0 dei dati personali<\/b><\/h3>\n<p><b>Lab68<\/b>\u00a0si impegna a proteggere la sicurezza dei dati personali dell\u2019utente e rispetta le disposizioni in materia di sicurezza previste dalla normativa applicabile al fine di evitare perdite di dati, usi illegittimi o illeciti dei dati e accessi non autorizzati agli stessi. Inoltre, i sistemi informativi e i programmi informatici utilizzati da\u00a0<b>Lab68 <\/b>sono configurati in modo da ridurre al minimo l\u2019uso di dati personali e identificativi; tali dati sono trattati solo per il conseguimento delle specifiche finalit\u00e0 di volta in volta perseguite. Lab68\u00a0utilizza molteplici tecnologie avanzate di sicurezza e procedure atte a favorire la protezione dei dati personali degli utenti; ad esempio, i dati personali sono conservati su server sicuri ubicati in luoghi ad accesso protetto e controllato.<span class=\"Apple-converted-space\">\u00a0<\/span><\/p>\n<h3><b>9.<\/b>\u00a0<b>Ambito di comunicazione e di accesso dei dati<\/b><\/h3>\n<p>I dati personali dell\u2019utente potranno essere comunicati a: i) tutti i soggetti che potranno avere accesso a tali dati in forza di provvedimenti normativi; ii) i nostri collaboratori, dipendenti, nell&#8217;ambito delle relative mansioni; iii) soggetti terzi che debbano entrare in contatto con i dati personali ai fini dello svolgimento dell\u2019attivit\u00e0 per cui sono stati incaricati da Lab68.<span class=\"Apple-converted-space\">\u00a0<\/span><\/p>\n<h3>\u00a0<b>10.<\/b>\u00a0<b>Natura di conferimento dei dati personali<\/b><\/h3>\n<p>Il conferimento di alcuni dati personali da parte dell\u2019utente \u00e8 obbligatorio per consentire alla Societ\u00e0 di gestire le comunicazioni, le richieste pervenute dall\u2019utente o per ricontattare l\u2019utente stesso per dar seguito alla sua richiesta. Questo tipo di dati sono contrassegnati dal simbolo asterisco [*] ed in tal caso il conferimento \u00e8 obbligatorio per consentire alla Societ\u00e0 di dar seguito alla richiesta che, in difetto, non potr\u00e0 essere evasa. Al contrario, la raccolta degli altri dati non contrassegnati dall\u2019asterisco \u00e8 facoltativa: il mancato conferimento non comporter\u00e0 alcuna conseguenza per l\u2019utente.<\/p>\n<p>Il conferimento dei dati personali da parte dell\u2019utente per finalit\u00e0 di marketing, come specificato nella sezione \u201cFinalit\u00e0 e modalit\u00e0 del trattamento\u201d \u00e8 facoltativo e il rifiuto di conferirli non avr\u00e0 alcuna conseguenza. Il consenso conferito per finalit\u00e0 di marketing si intende esteso all\u2019invio di comunicazioni effettuato attraverso modalit\u00e0 e\/o mezzi di contatto sia automatizzati che tradizionali, come sopra esemplificati.<\/p>\n<h3><b>11.<\/b>\u00a0<b>Diritti dell\u2019interessato<\/b><\/h3>\n<p>Ai sensi degli artt. 15 e seguenti del GDPR, l&#8217;interessato ha il diritto di ottenere dal titolare del trattamento, in riferimento a ciascun specifico trattamento, la conferma che sia o meno in corso un trattamento di dati personali che lo riguardano e in tal caso, di ottenere l&#8217;accesso ai dati personali e alle informazioni relative al trattamento nonch\u00e9 la rettifica delle informazioni.<span class=\"Apple-converted-space\">\u00a0<\/span><\/p>\n<p>Inoltre, l&#8217;interessato ha il diritto di ottenere dal titolare del trattamento: i) la cancellazione dei dati personali che lo riguardano; ii) la limitazione del trattamento quando ricorra una delle ipotesi prevista dalla normativa sopra citata; iii) i dati personali oggetto di trattamento in un formato strutturato, di uso comune e leggibile da dispositivo automatico (portabilit\u00e0).<span class=\"Apple-converted-space\">\u00a0<\/span><\/p>\n<p>L\u2019interessato ha, infine, facolt\u00e0 di revocare il consenso al trattamento dei Suoi dati personali, qualora il consenso sia l\u2019unica base giuridica del trattamento, inviando una email all\u2019indirizzo <a href=\"mailto:info@lab68.eu\">info@lab68.eu<\/a> o a mezzo pec all\u2019indirizzo\u00a0<a href=\"mailto:lab68srl@pec.it\">lab68srl@pec.it<\/a>, allegando copia del proprio documento di identit\u00e0.<\/p>\n<p>Gli stessi canali potranno essere utilizzati dall\u2019interessato per richiedere maggiori informazioni sul trattamento dei propri dati personali, ovvero esercitare i propri diritti.<\/p>\n<p>Prima di procedere con la gestione della richiesta ricevuta, potrebbe essere necessario verificare l\u2019identit\u00e0 dell\u2019interessato e rispondere ad alcune domande.<\/p>\n","protected":false},"excerpt":{"rendered":"<p>PRIVACY DATI SITO WEB&#8211; Reg UE 2016\/679 &#8211; (Regolamento Europeo [&hellip;]<\/p>\n","protected":false},"author":1,"featured_media":0,"parent":0,"menu_order":99,"comment_status":"closed","ping_status":"closed","template":"","meta":{"footnotes":""},"class_list":["post-3386","page","type-page","status-publish","hentry"],"yoast_head":"<!-- This site is optimized with the Yoast SEO plugin v27.4 - https:\/\/yoast.com\/product\/yoast-seo-wordpress\/ -->\n<title>Privacy Policy - LAB68<\/title>\n<meta name=\"robots\" content=\"index, follow, max-snippet:-1, max-image-preview:large, max-video-preview:-1\" \/>\n<link rel=\"canonical\" href=\"https:\/\/www.lab68.eu\/it\/privacy-policy\/\" \/>\n<meta property=\"og:locale\" content=\"it_IT\" \/>\n<meta property=\"og:type\" content=\"article\" \/>\n<meta property=\"og:title\" content=\"Privacy Policy - LAB68\" \/>\n<meta property=\"og:description\" content=\"PRIVACY DATI SITO WEB&#8211; Reg UE 2016\/679 &#8211; (Regolamento Europeo [&hellip;]\" \/>\n<meta property=\"og:url\" content=\"https:\/\/www.lab68.eu\/it\/privacy-policy\/\" \/>\n<meta property=\"og:site_name\" content=\"LAB68\" \/>\n<meta property=\"article:publisher\" content=\"https:\/\/www.facebook.com\/lab68europe\" \/>\n<meta property=\"article:modified_time\" content=\"2024-06-23T17:04:04+00:00\" \/>\n<meta name=\"twitter:card\" content=\"summary_large_image\" \/>\n<meta name=\"twitter:label1\" content=\"Tempo di lettura stimato\" \/>\n\t<meta name=\"twitter:data1\" content=\"7 minuti\" \/>\n<script type=\"application\/ld+json\" class=\"yoast-schema-graph\">{\"@context\":\"https:\\\/\\\/schema.org\",\"@graph\":[{\"@type\":\"WebPage\",\"@id\":\"https:\\\/\\\/www.lab68.eu\\\/it\\\/privacy-policy\\\/\",\"url\":\"https:\\\/\\\/www.lab68.eu\\\/it\\\/privacy-policy\\\/\",\"name\":\"Privacy Policy - LAB68\",\"isPartOf\":{\"@id\":\"https:\\\/\\\/www.lab68.eu\\\/fr\\\/#website\"},\"datePublished\":\"2023-03-03T11:30:59+00:00\",\"dateModified\":\"2024-06-23T17:04:04+00:00\",\"breadcrumb\":{\"@id\":\"https:\\\/\\\/www.lab68.eu\\\/it\\\/privacy-policy\\\/#breadcrumb\"},\"inLanguage\":\"it-IT\",\"potentialAction\":[{\"@type\":\"ReadAction\",\"target\":[\"https:\\\/\\\/www.lab68.eu\\\/it\\\/privacy-policy\\\/\"]}]},{\"@type\":\"BreadcrumbList\",\"@id\":\"https:\\\/\\\/www.lab68.eu\\\/it\\\/privacy-policy\\\/#breadcrumb\",\"itemListElement\":[{\"@type\":\"ListItem\",\"position\":1,\"name\":\"Home\",\"item\":\"https:\\\/\\\/www.lab68.eu\\\/it\\\/\"},{\"@type\":\"ListItem\",\"position\":2,\"name\":\"Privacy Policy\"}]},{\"@type\":\"WebSite\",\"@id\":\"https:\\\/\\\/www.lab68.eu\\\/fr\\\/#website\",\"url\":\"https:\\\/\\\/www.lab68.eu\\\/fr\\\/\",\"name\":\"LAB 68\",\"description\":\"We make it easy for you!\",\"publisher\":{\"@id\":\"https:\\\/\\\/www.lab68.eu\\\/fr\\\/#organization\"},\"potentialAction\":[{\"@type\":\"SearchAction\",\"target\":{\"@type\":\"EntryPoint\",\"urlTemplate\":\"https:\\\/\\\/www.lab68.eu\\\/fr\\\/?s={search_term_string}\"},\"query-input\":{\"@type\":\"PropertyValueSpecification\",\"valueRequired\":true,\"valueName\":\"search_term_string\"}}],\"inLanguage\":\"it-IT\"},{\"@type\":\"Organization\",\"@id\":\"https:\\\/\\\/www.lab68.eu\\\/fr\\\/#organization\",\"name\":\"LAB 68\",\"url\":\"https:\\\/\\\/www.lab68.eu\\\/fr\\\/\",\"logo\":{\"@type\":\"ImageObject\",\"inLanguage\":\"it-IT\",\"@id\":\"https:\\\/\\\/www.lab68.eu\\\/fr\\\/#\\\/schema\\\/logo\\\/image\\\/\",\"url\":\"https:\\\/\\\/www.lab68.eu\\\/wp-content\\\/uploads\\\/2024\\\/09\\\/cropped-LAB68-FAvicon_512.png\",\"contentUrl\":\"https:\\\/\\\/www.lab68.eu\\\/wp-content\\\/uploads\\\/2024\\\/09\\\/cropped-LAB68-FAvicon_512.png\",\"width\":512,\"height\":512,\"caption\":\"LAB 68\"},\"image\":{\"@id\":\"https:\\\/\\\/www.lab68.eu\\\/fr\\\/#\\\/schema\\\/logo\\\/image\\\/\"},\"sameAs\":[\"https:\\\/\\\/www.facebook.com\\\/lab68europe\",\"https:\\\/\\\/www.linkedin.com\\\/company\\\/lab68\"]}]}<\/script>\n<!-- \/ Yoast SEO plugin. -->","yoast_head_json":{"title":"Privacy Policy - LAB68","robots":{"index":"index","follow":"follow","max-snippet":"max-snippet:-1","max-image-preview":"max-image-preview:large","max-video-preview":"max-video-preview:-1"},"canonical":"https:\/\/www.lab68.eu\/it\/privacy-policy\/","og_locale":"it_IT","og_type":"article","og_title":"Privacy Policy - LAB68","og_description":"PRIVACY DATI SITO WEB&#8211; Reg UE 2016\/679 &#8211; (Regolamento Europeo [&hellip;]","og_url":"https:\/\/www.lab68.eu\/it\/privacy-policy\/","og_site_name":"LAB68","article_publisher":"https:\/\/www.facebook.com\/lab68europe","article_modified_time":"2024-06-23T17:04:04+00:00","twitter_card":"summary_large_image","twitter_misc":{"Tempo di lettura stimato":"7 minuti"},"schema":{"@context":"https:\/\/schema.org","@graph":[{"@type":"WebPage","@id":"https:\/\/www.lab68.eu\/it\/privacy-policy\/","url":"https:\/\/www.lab68.eu\/it\/privacy-policy\/","name":"Privacy Policy - LAB68","isPartOf":{"@id":"https:\/\/www.lab68.eu\/fr\/#website"},"datePublished":"2023-03-03T11:30:59+00:00","dateModified":"2024-06-23T17:04:04+00:00","breadcrumb":{"@id":"https:\/\/www.lab68.eu\/it\/privacy-policy\/#breadcrumb"},"inLanguage":"it-IT","potentialAction":[{"@type":"ReadAction","target":["https:\/\/www.lab68.eu\/it\/privacy-policy\/"]}]},{"@type":"BreadcrumbList","@id":"https:\/\/www.lab68.eu\/it\/privacy-policy\/#breadcrumb","itemListElement":[{"@type":"ListItem","position":1,"name":"Home","item":"https:\/\/www.lab68.eu\/it\/"},{"@type":"ListItem","position":2,"name":"Privacy Policy"}]},{"@type":"WebSite","@id":"https:\/\/www.lab68.eu\/fr\/#website","url":"https:\/\/www.lab68.eu\/fr\/","name":"LAB 68","description":"We make it easy for you!","publisher":{"@id":"https:\/\/www.lab68.eu\/fr\/#organization"},"potentialAction":[{"@type":"SearchAction","target":{"@type":"EntryPoint","urlTemplate":"https:\/\/www.lab68.eu\/fr\/?s={search_term_string}"},"query-input":{"@type":"PropertyValueSpecification","valueRequired":true,"valueName":"search_term_string"}}],"inLanguage":"it-IT"},{"@type":"Organization","@id":"https:\/\/www.lab68.eu\/fr\/#organization","name":"LAB 68","url":"https:\/\/www.lab68.eu\/fr\/","logo":{"@type":"ImageObject","inLanguage":"it-IT","@id":"https:\/\/www.lab68.eu\/fr\/#\/schema\/logo\/image\/","url":"https:\/\/www.lab68.eu\/wp-content\/uploads\/2024\/09\/cropped-LAB68-FAvicon_512.png","contentUrl":"https:\/\/www.lab68.eu\/wp-content\/uploads\/2024\/09\/cropped-LAB68-FAvicon_512.png","width":512,"height":512,"caption":"LAB 68"},"image":{"@id":"https:\/\/www.lab68.eu\/fr\/#\/schema\/logo\/image\/"},"sameAs":["https:\/\/www.facebook.com\/lab68europe","https:\/\/www.linkedin.com\/company\/lab68"]}]}},"_links":{"self":[{"href":"https:\/\/www.lab68.eu\/it\/wp-json\/wp\/v2\/pages\/3386","targetHints":{"allow":["GET"]}}],"collection":[{"href":"https:\/\/www.lab68.eu\/it\/wp-json\/wp\/v2\/pages"}],"about":[{"href":"https:\/\/www.lab68.eu\/it\/wp-json\/wp\/v2\/types\/page"}],"author":[{"embeddable":true,"href":"https:\/\/www.lab68.eu\/it\/wp-json\/wp\/v2\/users\/1"}],"replies":[{"embeddable":true,"href":"https:\/\/www.lab68.eu\/it\/wp-json\/wp\/v2\/comments?post=3386"}],"version-history":[{"count":2,"href":"https:\/\/www.lab68.eu\/it\/wp-json\/wp\/v2\/pages\/3386\/revisions"}],"predecessor-version":[{"id":3390,"href":"https:\/\/www.lab68.eu\/it\/wp-json\/wp\/v2\/pages\/3386\/revisions\/3390"}],"wp:attachment":[{"href":"https:\/\/www.lab68.eu\/it\/wp-json\/wp\/v2\/media?parent=3386"}],"curies":[{"name":"wp","href":"https:\/\/api.w.org\/{rel}","templated":true}]}}